{"id":368,"date":"2019-11-09T16:31:25","date_gmt":"2019-11-09T16:31:25","guid":{"rendered":"https:\/\/barristar.wpocean.com\/?page_id=9"},"modified":"2026-01-19T22:14:15","modified_gmt":"2026-01-19T22:14:15","slug":"home","status":"publish","type":"page","link":"https:\/\/tmt-ltd.com\/","title":{"rendered":"Tmt D\u0131s\u0327 Ticaret Ltd S\u0327ti | Tmt EU GmbH"},"content":{"rendered":"\t\t<div data-elementor-type=\"wp-page\" data-elementor-id=\"368\" class=\"elementor elementor-368\" data-elementor-settings=\"[]\">\n\t\t\t\t\t\t\t<div class=\"elementor-section-wrap\">\n\t\t\t\t\t\t\t<section class=\"elementor-section elementor-top-section elementor-element elementor-element-65500c9 elementor-section-full_width elementor-section-height-default elementor-section-height-default\" data-id=\"65500c9\" data-element_type=\"section\" data-settings=\"{&quot;background_background&quot;:&quot;classic&quot;}\">\n\t\t\t\t\t\t<div class=\"elementor-container elementor-column-gap-no\">\n\t\t\t\t\t<div class=\"elementor-column elementor-col-100 elementor-top-column elementor-element elementor-element-459555d\" data-id=\"459555d\" data-element_type=\"column\">\n\t\t\t<div class=\"elementor-widget-wrap elementor-element-populated\">\n\t\t\t\t\t\t\t\t<div class=\"elementor-element elementor-element-1486f66 elementor-widget elementor-widget-wpo-barristar_slider\" data-id=\"1486f66\" data-element_type=\"widget\" data-widget_type=\"wpo-barristar_slider.default\">\n\t\t\t\t<div class=\"elementor-widget-container\">\n\t\t\t\t\t<div class=\"hero hero-slider-wrapper  hero-style-1 hero-69cffc2d9b119\">\n    \t<div class=\"hero-slider\">\n    \t         <div class=\"slide\">\n            <img src=\"https:\/\/tmt-ltd.com\/wp-content\/uploads\/2024\/02\/hot-rolled-steel-coil.jpeg\" alt=\"\" class=\"slider-bg\">\n            <div class=\"container\">\n                <div class=\"row\">\n                    <div class=\"col col-lg-8 slide-caption\">\n\t                    \t<p>Welcome to TmT<\/p><h2>Iron &amp; Steel Journey from Turkey to the EU and from the EU to\nTurkey<\/h2>                        <div class=\"btns\">\n                            <div class=\"btn-style btn-style-3\"><a href=\"https:\/\/tmt-ltd.com\/#contact\"   class=\"slide-btn\" >Contact Us<\/a><\/div>                        <\/div>\n                    <\/div>\n                <\/div>\n            <\/div>\n        <\/div>\t\t\n\t\t\t\t    \t<\/div>\n\t\t<\/div>\n\t\t\t\t<\/div>\n\t\t\t\t<\/div>\n\t\t\t\t\t<\/div>\n\t\t<\/div>\n\t\t\t\t\t\t\t<\/div>\n\t\t<\/section>\n\t\t\t\t<section class=\"elementor-section elementor-top-section elementor-element elementor-element-ba2090b elementor-section-full_width elementor-section-height-default elementor-section-height-default\" data-id=\"ba2090b\" data-element_type=\"section\" id=\"about\">\n\t\t\t\t\t\t<div class=\"elementor-container elementor-column-gap-no\">\n\t\t\t\t\t<div class=\"elementor-column elementor-col-100 elementor-top-column elementor-element elementor-element-6f2f705\" data-id=\"6f2f705\" data-element_type=\"column\">\n\t\t\t<div class=\"elementor-widget-wrap elementor-element-populated\">\n\t\t\t\t\t\t\t\t<div class=\"elementor-element elementor-element-98756c9 elementor-widget elementor-widget-wpo-barristar_about\" data-id=\"98756c9\" data-element_type=\"widget\" data-settings=\"{&quot;about_image&quot;:{&quot;url&quot;:&quot;https:\\\/\\\/tmt-ltd.com\\\/wp-content\\\/uploads\\\/2024\\\/02\\\/flags.jpg&quot;,&quot;id&quot;:651,&quot;alt&quot;:&quot;&quot;,&quot;source&quot;:&quot;library&quot;},&quot;signature_image&quot;:{&quot;url&quot;:&quot;&quot;,&quot;id&quot;:&quot;&quot;}}\" data-widget_type=\"wpo-barristar_about.default\">\n\t\t\t\t<div class=\"elementor-widget-container\">\n\t\t\t\t\t<div class=\"about-section  about-area about-area2\">\r\n\t\t\t<div class=\"container\">\r\n\t    \t<div class=\"row\">\r\n\t      \t       <div class=\"col col-lg-6 col-md-6\">\r\n\t            <div class=\"about-title\">\r\n\t                <div class=\"img-holder\">\r\n\t                   <img src=\"https:\/\/tmt-ltd.com\/wp-content\/uploads\/2024\/02\/flags.jpg\" alt=\"\">\t                <\/div>\r\n\t            <\/div>\r\n\t        <\/div>\r\n\t        <div class=\"col-lg-6 col-md-6\">\r\n\t            <div class=\"about-text\">\r\n\t            \t<h2>About Us<\/h2><p>Tmt Dis Ticaret Ltd Sti is a service company established in 2002 in Istanbul by an experienced team in international iron and steel trading and related services leveraging deep industry insights to facilitate global trade.<br \/><br \/>To enhance its presence in the European market and foster trade between Turkey and the EU, Tmt EU GmbH was established as a wholly-owned subsidiary based in Berlin.<br \/><br \/>This strategic move aims to capitalize on the vast opportunities in Germany and within the EU, focusing on strengthening business ties and enabling safe and long term business.<br \/><br \/>Tmt EU GmbH embodies the company's commitment to expanding its footprint, offering specialized services that cater to the evolving demands of the iron and steel industry across Turkey, Germany and the European Union.<\/p>\t              <div class=\"btns\">\r\n\t                  <div class=\"btn-style\">\r\n\t                  \t\t                  <\/div>\r\n\t              <\/div>\r\n\t                <div class=\"signature\">\r\n\t                 \t                <\/div>\r\n\t            <\/div>\r\n\t        <\/div>\r\n\t     \t    \t<\/div>\r\n    \t<\/div>\r\n  \t<\/div>\r\n\t\t\t\t<\/div>\n\t\t\t\t<\/div>\n\t\t\t\t\t<\/div>\n\t\t<\/div>\n\t\t\t\t\t\t\t<\/div>\n\t\t<\/section>\n\t\t\t\t<section class=\"elementor-section elementor-top-section elementor-element elementor-element-97380e0 elementor-section-boxed elementor-section-height-default elementor-section-height-default\" data-id=\"97380e0\" data-element_type=\"section\" id=\"missionvision\" data-settings=\"{&quot;background_background&quot;:&quot;classic&quot;}\">\n\t\t\t\t\t\t<div class=\"elementor-container elementor-column-gap-default\">\n\t\t\t\t\t<div class=\"elementor-column elementor-col-50 elementor-top-column elementor-element elementor-element-f0d73e\" data-id=\"f0d73e\" data-element_type=\"column\">\n\t\t\t<div class=\"elementor-widget-wrap elementor-element-populated\">\n\t\t\t\t\t\t\t\t<div class=\"elementor-element elementor-element-52ff53ec elementor-widget elementor-widget-heading\" data-id=\"52ff53ec\" data-element_type=\"widget\" data-widget_type=\"heading.default\">\n\t\t\t\t<div class=\"elementor-widget-container\">\n\t\t\t<h5 class=\"elementor-heading-title elementor-size-default\">Mission & Vision<\/h5>\t\t<\/div>\n\t\t\t\t<\/div>\n\t\t\t\t<div class=\"elementor-element elementor-element-7694d808 elementor-widget elementor-widget-text-editor\" data-id=\"7694d808\" data-element_type=\"widget\" data-widget_type=\"text-editor.default\">\n\t\t\t\t<div class=\"elementor-widget-container\">\n\t\t\t\t\t\t\t<p><span data-contrast=\"auto\">The mission of TmT is to provide regular, secure and long-lasting business to its clients.<\/span><span data-ccp-props=\"{&quot;134233117&quot;:false,&quot;134233118&quot;:false,&quot;201341983&quot;:0,&quot;335551550&quot;:0,&quot;335551620&quot;:0,&quot;335559738&quot;:0,&quot;335559739&quot;:0,&quot;335559740&quot;:259}\">\u00a0<\/span><\/p><p><span data-contrast=\"auto\">Our vision is to develop and expand iron and steel business from the EU to Turkey and from Turkey to the EU.\u00a0 Our long-term vision is to convince our clients for their investments in Turkey.<\/span><span data-ccp-props=\"{&quot;134233117&quot;:false,&quot;134233118&quot;:false,&quot;201341983&quot;:0,&quot;335551550&quot;:0,&quot;335551620&quot;:0,&quot;335559738&quot;:0,&quot;335559739&quot;:0,&quot;335559740&quot;:259}\">\u00a0<\/span><\/p>\t\t\t\t\t\t<\/div>\n\t\t\t\t<\/div>\n\t\t\t\t\t<\/div>\n\t\t<\/div>\n\t\t\t\t<div class=\"elementor-column elementor-col-50 elementor-top-column elementor-element elementor-element-544276d\" data-id=\"544276d\" data-element_type=\"column\">\n\t\t\t<div class=\"elementor-widget-wrap elementor-element-populated\">\n\t\t\t\t\t\t\t\t<div class=\"elementor-element elementor-element-68918ca elementor-widget elementor-widget-image\" data-id=\"68918ca\" data-element_type=\"widget\" data-widget_type=\"image.default\">\n\t\t\t\t<div class=\"elementor-widget-container\">\n\t\t\t\t\t\t\t\t\t\t\t\t\t\t\t<img width=\"1024\" height=\"546\" src=\"https:\/\/tmt-ltd.com\/wp-content\/uploads\/2021\/09\/missionvision-1024x546.jpg\" class=\"attachment-large size-large\" alt=\"\" loading=\"lazy\" srcset=\"https:\/\/tmt-ltd.com\/wp-content\/uploads\/2021\/09\/missionvision-1024x546.jpg 1024w, https:\/\/tmt-ltd.com\/wp-content\/uploads\/2021\/09\/missionvision-600x320.jpg 600w, https:\/\/tmt-ltd.com\/wp-content\/uploads\/2021\/09\/missionvision-300x160.jpg 300w, https:\/\/tmt-ltd.com\/wp-content\/uploads\/2021\/09\/missionvision-768x410.jpg 768w, https:\/\/tmt-ltd.com\/wp-content\/uploads\/2021\/09\/missionvision.jpg 1200w\" sizes=\"(max-width: 1024px) 100vw, 1024px\" \/>\t\t\t\t\t\t\t\t\t\t\t\t\t\t\t<\/div>\n\t\t\t\t<\/div>\n\t\t\t\t\t<\/div>\n\t\t<\/div>\n\t\t\t\t\t\t\t<\/div>\n\t\t<\/section>\n\t\t\t\t<section class=\"elementor-section elementor-top-section elementor-element elementor-element-b1f2b8b elementor-section-content-middle elementor-section-boxed elementor-section-height-default elementor-section-height-default\" data-id=\"b1f2b8b\" data-element_type=\"section\" id=\"services\">\n\t\t\t\t\t\t<div class=\"elementor-container elementor-column-gap-no\">\n\t\t\t\t\t<div class=\"elementor-column elementor-col-100 elementor-top-column elementor-element elementor-element-4dddb18\" data-id=\"4dddb18\" data-element_type=\"column\">\n\t\t\t<div class=\"elementor-widget-wrap elementor-element-populated\">\n\t\t\t\t\t\t\t\t<div class=\"elementor-element elementor-element-318d297e elementor-widget elementor-widget-heading\" data-id=\"318d297e\" data-element_type=\"widget\" data-widget_type=\"heading.default\">\n\t\t\t\t<div class=\"elementor-widget-container\">\n\t\t\t<h5 class=\"elementor-heading-title elementor-size-default\">What We Do<\/h5>\t\t<\/div>\n\t\t\t\t<\/div>\n\t\t\t\t<div class=\"elementor-element elementor-element-3bcfb4a elementor-widget-divider--view-line elementor-widget elementor-widget-divider\" data-id=\"3bcfb4a\" data-element_type=\"widget\" data-widget_type=\"divider.default\">\n\t\t\t\t<div class=\"elementor-widget-container\">\n\t\t\t\t\t<div class=\"elementor-divider\">\n\t\t\t<span class=\"elementor-divider-separator\">\n\t\t\t\t\t\t<\/span>\n\t\t<\/div>\n\t\t\t\t<\/div>\n\t\t\t\t<\/div>\n\t\t\t\t<div class=\"elementor-element elementor-element-740119a elementor-widget elementor-widget-text-editor\" data-id=\"740119a\" data-element_type=\"widget\" data-widget_type=\"text-editor.default\">\n\t\t\t\t<div class=\"elementor-widget-container\">\n\t\t\t\t\t\t\t<ul>\n<li><span style=\"font-size: 16px;\" data-contrast=\"auto\">Service to steel producing, processing and end user companies for their steel consumption and purchasing from Turkey.<\/span><\/li>\n<li><span style=\"font-size: 16px;\">Premium quality cold rolled strip and hardened and tempered high grade steel sales from Germany to Turkish market.&nbsp;&nbsp;<\/span><\/li>\n<li><span style=\"font-size: 16px;\">Quick access to Turkish steel mills to accomplish sustainable clients\u2019 targets.&nbsp;<\/span><\/li>\n<li><span style=\"font-size: 16px;\">Supply assurance for clients due to TmT\u2019s strong and long-lasting relationships with Turkish mills.&nbsp;<\/span><\/li>\n<li><span style=\"font-size: 16px;\">Trade, import, export and logistics services.&nbsp;<\/span><\/li>\n<li><span style=\"font-size: 16px;\">Raw materials supply to Turkish integrated mills.&nbsp;<\/span><\/li>\n<\/ul>\t\t\t\t\t\t<\/div>\n\t\t\t\t<\/div>\n\t\t\t\t\t<\/div>\n\t\t<\/div>\n\t\t\t\t\t\t\t<\/div>\n\t\t<\/section>\n\t\t\t\t<section class=\"elementor-section elementor-top-section elementor-element elementor-element-b8e18f6 elementor-section-boxed elementor-section-height-default elementor-section-height-default\" data-id=\"b8e18f6\" data-element_type=\"section\" id=\"clients\" data-settings=\"{&quot;background_background&quot;:&quot;classic&quot;}\">\n\t\t\t\t\t\t<div class=\"elementor-container elementor-column-gap-default\">\n\t\t\t\t\t<div class=\"elementor-column elementor-col-50 elementor-top-column elementor-element elementor-element-5ce861d\" data-id=\"5ce861d\" data-element_type=\"column\">\n\t\t\t<div class=\"elementor-widget-wrap elementor-element-populated\">\n\t\t\t\t\t\t\t\t<div class=\"elementor-element elementor-element-30b4c12 elementor-widget elementor-widget-image\" data-id=\"30b4c12\" data-element_type=\"widget\" data-widget_type=\"image.default\">\n\t\t\t\t<div class=\"elementor-widget-container\">\n\t\t\t\t\t\t\t\t\t\t\t\t\t\t\t<img width=\"1024\" height=\"722\" src=\"https:\/\/tmt-ltd.com\/wp-content\/uploads\/2024\/02\/our-clients-e1708480795955-1024x722.jpeg\" class=\"attachment-large size-large\" alt=\"\" loading=\"lazy\" srcset=\"https:\/\/tmt-ltd.com\/wp-content\/uploads\/2024\/02\/our-clients-e1708480795955-1024x722.jpeg 1024w, https:\/\/tmt-ltd.com\/wp-content\/uploads\/2024\/02\/our-clients-e1708480795955-300x211.jpeg 300w, https:\/\/tmt-ltd.com\/wp-content\/uploads\/2024\/02\/our-clients-e1708480795955-768x541.jpeg 768w, https:\/\/tmt-ltd.com\/wp-content\/uploads\/2024\/02\/our-clients-e1708480795955-1536x1082.jpeg 1536w, https:\/\/tmt-ltd.com\/wp-content\/uploads\/2024\/02\/our-clients-e1708480795955.jpeg 1598w\" sizes=\"(max-width: 1024px) 100vw, 1024px\" \/>\t\t\t\t\t\t\t\t\t\t\t\t\t\t\t<\/div>\n\t\t\t\t<\/div>\n\t\t\t\t\t<\/div>\n\t\t<\/div>\n\t\t\t\t<div class=\"elementor-column elementor-col-50 elementor-top-column elementor-element elementor-element-c30096a\" data-id=\"c30096a\" data-element_type=\"column\">\n\t\t\t<div class=\"elementor-widget-wrap elementor-element-populated\">\n\t\t\t\t\t\t\t\t<div class=\"elementor-element elementor-element-4c4fda6 elementor-widget elementor-widget-heading\" data-id=\"4c4fda6\" data-element_type=\"widget\" data-widget_type=\"heading.default\">\n\t\t\t\t<div class=\"elementor-widget-container\">\n\t\t\t<h5 class=\"elementor-heading-title elementor-size-default\">Who We Work With<\/h5>\t\t<\/div>\n\t\t\t\t<\/div>\n\t\t\t\t<div class=\"elementor-element elementor-element-fccd5ae elementor-widget elementor-widget-text-editor\" data-id=\"fccd5ae\" data-element_type=\"widget\" data-widget_type=\"text-editor.default\">\n\t\t\t\t<div class=\"elementor-widget-container\">\n\t\t\t\t\t\t\t<p><strong>TmT serves as the exclusive agent of below international reputable companies:<\/strong><\/p><ul><li>Bilstein GmbH &amp; Co. KG<\/li><li>Thyssenkrupp Mannex UK Ltd.<\/li><\/ul>\t\t\t\t\t\t<\/div>\n\t\t\t\t<\/div>\n\t\t\t\t<div class=\"elementor-element elementor-element-ff25208 elementor-widget elementor-widget-text-editor\" data-id=\"ff25208\" data-element_type=\"widget\" data-widget_type=\"text-editor.default\">\n\t\t\t\t<div class=\"elementor-widget-container\">\n\t\t\t\t\t\t\t<p><strong>TmT is the solution partner of:<br \/><\/strong><\/p><ul><li>Schaeffler Technologies AG &amp; Co. KG<\/li><li>Vogten Staal BV<span data-ccp-props=\"{\">\u00a0<\/span><\/li><\/ul>\t\t\t\t\t\t<\/div>\n\t\t\t\t<\/div>\n\t\t\t\t\t<\/div>\n\t\t<\/div>\n\t\t\t\t\t\t\t<\/div>\n\t\t<\/section>\n\t\t\t\t<section class=\"elementor-section elementor-top-section elementor-element elementor-element-2dd2e29 elementor-section-content-middle elementor-section-boxed elementor-section-height-default elementor-section-height-default\" data-id=\"2dd2e29\" data-element_type=\"section\" id=\"contact\">\n\t\t\t\t\t\t<div class=\"elementor-container elementor-column-gap-no\">\n\t\t\t\t\t<div class=\"elementor-column elementor-col-50 elementor-top-column elementor-element elementor-element-3ba5483c\" data-id=\"3ba5483c\" data-element_type=\"column\">\n\t\t\t<div class=\"elementor-widget-wrap elementor-element-populated\">\n\t\t\t\t\t\t\t\t<div class=\"elementor-element elementor-element-5886fad5 elementor-widget elementor-widget-heading\" data-id=\"5886fad5\" data-element_type=\"widget\" data-widget_type=\"heading.default\">\n\t\t\t\t<div class=\"elementor-widget-container\">\n\t\t\t<h2 class=\"elementor-heading-title elementor-size-default\">Contacts<\/h2>\t\t<\/div>\n\t\t\t\t<\/div>\n\t\t\t\t<div class=\"elementor-element elementor-element-214c5664 elementor-widget elementor-widget-text-editor\" data-id=\"214c5664\" data-element_type=\"widget\" data-widget_type=\"text-editor.default\">\n\t\t\t\t<div class=\"elementor-widget-container\">\n\t\t\t\t\t\t\t<p>Tmt D\u0131\u015f Ticaret Ltd \u015eti: \u00a0\u00a0<br \/><span data-contrast=\"auto\">Address: K\u00fc\u00e7\u00fckbakkalk\u00f6y Mah. Kocasinan Cad. Selvili Sk. No:4 Kat:14 Daire:96 Atasehir \/ Istanbul \/ Turkey<\/span><\/p><p><span class=\"NormalTextRun SCXW193134988 BCX0\">Can <\/span><span class=\"NormalTextRun SpellingErrorV2Themed SCXW193134988 BCX0\">Toksun<br \/><span class=\"NormalTextRun SCXW193134988 BCX0\">Managing Director &amp; Owner <\/span><\/span> <br \/><a href=\"mailto:cant@tmt-ltd.com\">cant@tmt-ltd.com<\/a><\/p>\t\t\t\t\t\t<\/div>\n\t\t\t\t<\/div>\n\t\t\t\t\t<\/div>\n\t\t<\/div>\n\t\t\t\t<div class=\"elementor-column elementor-col-50 elementor-top-column elementor-element elementor-element-7cddeeb9\" data-id=\"7cddeeb9\" data-element_type=\"column\">\n\t\t\t<div class=\"elementor-widget-wrap elementor-element-populated\">\n\t\t\t\t\t\t\t\t<div class=\"elementor-element elementor-element-841031c elementor-widget elementor-widget-text-editor\" data-id=\"841031c\" data-element_type=\"widget\" data-widget_type=\"text-editor.default\">\n\t\t\t\t<div class=\"elementor-widget-container\">\n\t\t\t\t\t\t\t<p><span data-contrast=\"auto\">Neslihan Yasayacak Akar<br \/>Export Manager\u00a0<br \/><\/span><a href=\"mailto:neslihany@tmt-ltd.com\"><span data-contrast=\"none\">neslihany@tmt-ltd.com<\/span><\/a><\/p>\t\t\t\t\t\t<\/div>\n\t\t\t\t<\/div>\n\t\t\t\t\t<\/div>\n\t\t<\/div>\n\t\t\t\t\t\t\t<\/div>\n\t\t<\/section>\n\t\t\t\t<section class=\"elementor-section elementor-top-section elementor-element elementor-element-ce70c3b elementor-section-boxed elementor-section-height-default elementor-section-height-default\" data-id=\"ce70c3b\" data-element_type=\"section\">\n\t\t\t\t\t\t<div class=\"elementor-container elementor-column-gap-no\">\n\t\t\t\t\t<div class=\"elementor-column elementor-col-50 elementor-top-column elementor-element elementor-element-95f0e92\" data-id=\"95f0e92\" data-element_type=\"column\">\n\t\t\t<div class=\"elementor-widget-wrap elementor-element-populated\">\n\t\t\t\t\t\t\t\t<div class=\"elementor-element elementor-element-94c15ec elementor-widget elementor-widget-text-editor\" data-id=\"94c15ec\" data-element_type=\"widget\" data-widget_type=\"text-editor.default\">\n\t\t\t\t<div class=\"elementor-widget-container\">\n\t\t\t\t\t\t\t<p><span data-contrast=\"auto\">Yonca G\u00f6k<br \/>Operations Manager<br \/><\/span><a href=\"mailto:yoncag@tmt-ltd.com\"><span data-contrast=\"none\">yoncag@tmt-ltd.com<\/span><\/a><\/p>\t\t\t\t\t\t<\/div>\n\t\t\t\t<\/div>\n\t\t\t\t\t<\/div>\n\t\t<\/div>\n\t\t\t\t<div class=\"elementor-column elementor-col-50 elementor-top-column elementor-element elementor-element-ecf2905\" data-id=\"ecf2905\" data-element_type=\"column\">\n\t\t\t<div class=\"elementor-widget-wrap\">\n\t\t\t\t\t\t\t\t\t<\/div>\n\t\t<\/div>\n\t\t\t\t\t\t\t<\/div>\n\t\t<\/section>\n\t\t\t\t<section class=\"elementor-section elementor-top-section elementor-element elementor-element-d3c76c6 elementor-section-boxed elementor-section-height-default elementor-section-height-default\" data-id=\"d3c76c6\" data-element_type=\"section\">\n\t\t\t\t\t\t<div class=\"elementor-container elementor-column-gap-no\">\n\t\t\t\t\t<div class=\"elementor-column elementor-col-100 elementor-top-column elementor-element elementor-element-bb05283\" data-id=\"bb05283\" data-element_type=\"column\">\n\t\t\t<div class=\"elementor-widget-wrap elementor-element-populated\">\n\t\t\t\t\t\t\t\t<div class=\"elementor-element elementor-element-4528845 elementor-widget elementor-widget-text-editor\" data-id=\"4528845\" data-element_type=\"widget\" data-widget_type=\"text-editor.default\">\n\t\t\t\t<div class=\"elementor-widget-container\">\n\t\t\t\t\t\t\t<p>Tmt EU GmbH: \u00a0\u00a0<br \/><span data-contrast=\"auto\">Address:\u00a0 Unter den Linden 24 \/ Friedrichstra\u00dfe 155, 10117 Berlin\u00a0<\/span><span data-ccp-props=\"{\">\u00a0<\/span><\/p><p><span data-contrast=\"auto\">M. Ilgaz Toksun<br \/>Managing Director<br \/><a href=\"mailto:ilgazt@tmt-ltd.com\">ilgazt@tmt-ltd.com<\/a><br \/><\/span><\/p>\t\t\t\t\t\t<\/div>\n\t\t\t\t<\/div>\n\t\t\t\t\t<\/div>\n\t\t<\/div>\n\t\t\t\t\t\t\t<\/div>\n\t\t<\/section>\n\t\t\t\t\t\t<\/div>\n\t\t\t\t\t<\/div>\n\t\t","protected":false},"excerpt":{"rendered":"Welcome to TmT Iron &amp; Steel Journey from Turkey to the EU and from the EU to Turkey Contact Us About Us Tmt Dis Ticaret Ltd Sti is a service company established in 2002 in Istanbul by an experienced team in international iron and steel trading and related services leveraging deep industry insights to facilitate ","protected":false},"author":1,"featured_media":0,"parent":0,"menu_order":0,"comment_status":"closed","ping_status":"closed","template":"elementor_header_footer","meta":[],"_links":{"self":[{"href":"https:\/\/tmt-ltd.com\/index.php\/wp-json\/wp\/v2\/pages\/368"}],"collection":[{"href":"https:\/\/tmt-ltd.com\/index.php\/wp-json\/wp\/v2\/pages"}],"about":[{"href":"https:\/\/tmt-ltd.com\/index.php\/wp-json\/wp\/v2\/types\/page"}],"author":[{"embeddable":true,"href":"https:\/\/tmt-ltd.com\/index.php\/wp-json\/wp\/v2\/users\/1"}],"replies":[{"embeddable":true,"href":"https:\/\/tmt-ltd.com\/index.php\/wp-json\/wp\/v2\/comments?post=368"}],"version-history":[{"count":257,"href":"https:\/\/tmt-ltd.com\/index.php\/wp-json\/wp\/v2\/pages\/368\/revisions"}],"predecessor-version":[{"id":734,"href":"https:\/\/tmt-ltd.com\/index.php\/wp-json\/wp\/v2\/pages\/368\/revisions\/734"}],"wp:attachment":[{"href":"https:\/\/tmt-ltd.com\/index.php\/wp-json\/wp\/v2\/media?parent=368"}],"curies":[{"name":"wp","href":"https:\/\/api.w.org\/{rel}","templated":true}]}}